{"id":691,"date":"2016-03-23T17:18:22","date_gmt":"2016-03-23T16:18:22","guid":{"rendered":"https:\/\/kingcom.ch\/fr\/research-cats\/"},"modified":"2017-08-11T11:53:47","modified_gmt":"2017-08-11T09:53:47","slug":"research-cats","status":"publish","type":"page","link":"https:\/\/kingcom.ch\/fr\/research-cats\/","title":{"rendered":"Mandats de recherche"},"content":{"rendered":"<div class=\"research-cats\"><div class='row'><div class='col-md-2'><a href='https:\/\/kingcom.ch\/fr\/researches\/category\/pourquoi-est-ce-que-je-communique\/'><img src='' style='background-color:#cc5744;' class='image-icon-big'><\/a><\/div><div class='col-md-8'><h3><a href=\"https:\/\/kingcom.ch\/fr\/researches\/category\/pourquoi-est-ce-que-je-communique\/\">Labor: Pourquoi est-ce que je communique ?<\/a><\/h3><div>Les hommes vivent dans des communaut\u00e9s. Nous organisons la cohabitation avec les autres gr\u00e2ce \u00e0 la communication. Echafauder des plans, transmettre des connaissances, plaisanter avec des amis: la communication nous aide \u00e0 satisfaire nos besoins. C\u2019est gr\u00e2ce \u00e0 elle que tu te forges ta propre conscience. Qu\u2019est-ce qui te caract\u00e9rise en tant que personne ?<\/div><\/div><\/div><div class='row'><div class='col-md-2'><a href='https:\/\/kingcom.ch\/fr\/researches\/category\/avec-qui-est-ce-que-je-communique\/'><img src='' style='background-color:#008ed3;' class='image-icon-big'><\/a><\/div><div class='col-md-8'><h3><a href=\"https:\/\/kingcom.ch\/fr\/researches\/category\/avec-qui-est-ce-que-je-communique\/\">Labor: Avec qui est-ce que je communique ?<\/a><\/h3><div>Football, musique classique, manger avec des baguettes ? Chaque culture a ses propres caract\u00e9ristiques. Elle influence la mani\u00e8re dont on s\u2019habille, on parle et on se comporte. Cela te permet de d\u00e9cider vers quelles personnes tu te tournes : c\u2019est ainsi que se cr\u00e9e ton environnement. Avec qui est-ce que tu communiques, et avec qui tu ne communiques pas ?<\/div><\/div><\/div><div class='row'><div class='col-md-2'><a href='https:\/\/kingcom.ch\/fr\/researches\/category\/comment-bien-communiquer\/'><img src='' style='background-color:#86b44d;' class='image-icon-big'><\/a><\/div><div class='col-md-8'><h3><a href=\"https:\/\/kingcom.ch\/fr\/researches\/category\/comment-bien-communiquer\/\">Labor: Comment bien communiquer ?<\/a><\/h3><div>Communiquer, c\u2019est coder et d\u00e9coder. C\u2019est-\u00e0-dire traduire un message en images, gestes ou phrases, que l\u2019interlocuteur peut d\u00e9crypter. Nous ne pouvons nous comprendre que si nous utilisons les m\u00eames codes. Des erreurs surviennent souvent ; et des conflits peuvent na\u00eetre de malentendus. Comment les g\u00e8res-tu ?<\/div><\/div><\/div><div class='row'><div class='col-md-2'><a href='https:\/\/kingcom.ch\/fr\/researches\/category\/de-quelles-aptitudes-ai-je-besoin\/'><img src='' style='background-color:#e6bc3c;' class='image-icon-big'><\/a><\/div><div class='col-md-8'><h3><a href=\"https:\/\/kingcom.ch\/fr\/researches\/category\/de-quelles-aptitudes-ai-je-besoin\/\">Labor: De quelles aptitudes ai-je besoin ?<\/a><\/h3><div>La communication est complexe et requiert tous nos sens. Bruits perturbateurs, sentiments incontr\u00f4l\u00e9s, langues diff\u00e9rentes : beaucoup de choses peuvent compliquer l\u2019\u00e9change. Cela requiert des capacit\u00e9s et des aptitudes, en bref : des comp\u00e9tences sociales. Ma\u00eetrises-tu la communication ? Comment peux-tu t\u2019am\u00e9liorer encore ?<\/div><\/div><\/div><div class='row'><div class='col-md-2'><a href='https:\/\/kingcom.ch\/fr\/researches\/category\/de-quels-outils-ai-je-besoin\/'><img src='' style='background-color:#5d4f44;' class='image-icon-big'><\/a><\/div><div class='col-md-8'><h3><a href=\"https:\/\/kingcom.ch\/fr\/researches\/category\/de-quels-outils-ai-je-besoin\/\">Tools: De quels outils ai-je besoin ?<\/a><\/h3><div>Radio, t\u00e9l\u00e9viseur, smartphone : les moyens de communication analogiques et num\u00e9riques sont aujourd\u2019hui incontournables. Ils permettent d\u2019atteindre plusieurs personnes en m\u00eame temps, sur des distances beaucoup plus longues qu\u2019avec notre voix ou notre corps. Parall\u00e8lement, ces outils nous imposent de nouvelles exigences. Comment pr\u00e9f\u00e8res-tu communiquer ?<\/div><\/div><\/div><div class='row'><div class='col-md-2'><a href='https:\/\/kingcom.ch\/fr\/researches\/category\/qu-est-ce-que-je-garde\/'><img src='' style='background-color:#65b2b8;' class='image-icon-big'><\/a><\/div><div class='col-md-8'><h3><a href=\"https:\/\/kingcom.ch\/fr\/researches\/category\/qu-est-ce-que-je-garde\/\">M\u00e9moire: Qu\u2019est-ce que je garde ?<\/a><\/h3><div>Les souvenirs nous donnent de l\u2019assurance et une orientation, car sans eux, pas de conscience ni de communication. Nous avons tous \u00e0 faire avec les souvenirs sur le plan priv\u00e9 ou professionnel. Lapin de P\u00e2ques, Guillaume Tell ou le 11 septembre, les communaut\u00e9s ont elle aussi une \u00ab m\u00e9moire collective \u00bb qui les unit. De quoi aimes-tu te rappeler ? <\/div><\/div><\/div><div class='row'><div class='col-md-2'><a href='https:\/\/kingcom.ch\/fr\/researches\/category\/comment-organiser-ma-vie-numerique\/'><img src='' style='background-color:#bf007a;' class='image-icon-big'><\/a><\/div><div class='col-md-8'><h3><a href=\"https:\/\/kingcom.ch\/fr\/researches\/category\/comment-organiser-ma-vie-numerique\/\">Datacenter: Comment organiser ma vie num\u00e9rique ?<\/a><\/h3><div>E-mails, SMS, recherches sur Internet : la communication num\u00e9rique, c\u2019est la transmission de donn\u00e9es \u00e0 l\u2019aide d\u2019appareils techniques. Cela a donn\u00e9 naissance \u00e0 un march\u00e9 avec ses propres structures de pouvoir o\u00f9 l\u2019argent coule \u00e0 flot. Mais qu\u2019est-ce qui est utile ? Qui paie, qui gagne ? Et : quel r\u00f4le joues-tu ?<\/div><\/div><\/div><div class='row'><div class='col-md-2'><a href='https:\/\/kingcom.ch\/fr\/researches\/category\/comment-gerer-les-changements\/'><img src='' style='background-color:#c9d22a;' class='image-icon-big'><\/a><\/div><div class='col-md-8'><h3><a href=\"https:\/\/kingcom.ch\/fr\/researches\/category\/comment-gerer-les-changements\/\">Change: Comment g\u00e9rer les changements ?<\/a><\/h3><div>La communication \u00e9volue en permanence et de plus en plus vite. De nouvelles inventions influencent fortement notre comportement : c\u2019est passionnant, mais cela peut aussi faire peur. Drones, robots, puces : quels moyens de communication sont nouveaux pour toi, et lesquels existeront dans le futur ?<\/div><\/div><\/div><div class='row'><div class='col-md-2'><a href='https:\/\/kingcom.ch\/fr\/researches\/category\/comment-fonctionne-la-communication\/'><img src='' style='background-color:#a37d4e;' class='image-icon-big'><\/a><\/div><div class='col-md-8'><h3><a href=\"https:\/\/kingcom.ch\/fr\/researches\/category\/comment-fonctionne-la-communication\/\">Theoretisch: Comment fonctionne la communication ?<\/a><\/h3><div>Plaisanterie de mauvais go\u00fbt, mensonge par omission, tactique du salami : de nombreuses t\u00eates pensantes ont d\u00e9j\u00e0 trait\u00e9 la communication, l\u2019\u00e9tudiant dans les moindres d\u00e9tails.  Mais que sont ces th\u00e9ories ? Et o\u00f9 les retrouve-t-on au quotidien ?<\/div><\/div><\/div><div class='row'><div class='col-md-2'><a href='https:\/\/kingcom.ch\/fr\/researches\/category\/differents-themes\/'><img src='' style='background-color:#59287f;' class='image-icon-big'><\/a><\/div><div class='col-md-8'><h3><a href=\"https:\/\/kingcom.ch\/fr\/researches\/category\/differents-themes\/\">diff\u00e9rents th\u00e8mes<\/a><\/h3><div><\/div><\/div><\/div><\/div>\n","protected":false},"excerpt":{"rendered":"","protected":false},"author":1,"featured_media":0,"parent":0,"menu_order":0,"comment_status":"closed","ping_status":"closed","template":"","meta":{"footnotes":""},"class_list":["post-691","page","type-page","status-publish","hentry"],"_links":{"self":[{"href":"https:\/\/kingcom.ch\/fr\/wp-json\/wp\/v2\/pages\/691","targetHints":{"allow":["GET"]}}],"collection":[{"href":"https:\/\/kingcom.ch\/fr\/wp-json\/wp\/v2\/pages"}],"about":[{"href":"https:\/\/kingcom.ch\/fr\/wp-json\/wp\/v2\/types\/page"}],"author":[{"embeddable":true,"href":"https:\/\/kingcom.ch\/fr\/wp-json\/wp\/v2\/users\/1"}],"replies":[{"embeddable":true,"href":"https:\/\/kingcom.ch\/fr\/wp-json\/wp\/v2\/comments?post=691"}],"version-history":[{"count":4,"href":"https:\/\/kingcom.ch\/fr\/wp-json\/wp\/v2\/pages\/691\/revisions"}],"predecessor-version":[{"id":1719,"href":"https:\/\/kingcom.ch\/fr\/wp-json\/wp\/v2\/pages\/691\/revisions\/1719"}],"wp:attachment":[{"href":"https:\/\/kingcom.ch\/fr\/wp-json\/wp\/v2\/media?parent=691"}],"curies":[{"name":"wp","href":"https:\/\/api.w.org\/{rel}","templated":true}]}}