{"id":1685,"date":"2017-07-29T14:34:34","date_gmt":"2017-07-29T12:34:34","guid":{"rendered":"https:\/\/kingcom.ch\/?page_id=1685\/"},"modified":"2017-08-04T07:28:06","modified_gmt":"2017-08-04T05:28:06","slug":"modele-lettre-aux-parents","status":"publish","type":"page","link":"https:\/\/kingcom.ch\/fr\/participer\/modele-lettre-aux-parents\/","title":{"rendered":"Mod\u00e8le \u2013 lettre aux parents"},"content":{"rendered":"<p>Chers parents et tuteurs l\u00e9gaux,<\/p>\n<p>Le XX.XX.20XX, nous visiterons le Mus\u00e9e de la communication \u00e0 Berne. Nous y participerons \u00e0 un atelier guid\u00e9 entre 9 et 16 heures. Les jeunes participants \u00e9tudieront en groupes un th\u00e8me de l\u2019exposition et publieront les r\u00e9sultats sur le blog de recherche du mus\u00e9e sur le site Web kingcom.ch.<\/p>\n<p>Nous vous prions de prendre connaissance des informations relatives \u00e0 la protection des donn\u00e9es. Vous les trouverez \u00e0 l\u2019adresse\u00a0<a href=\"https:\/\/kingcom.ch\/fr\/quest-ce-que-kingcom\/protection-des-donnees\">https:\/\/kingcom.ch\/fr\/quest-ce-que-kingcom\/protection-des-donnees<\/a>. Nous aborderons \u00e9galement ces points \u00e0 la fois en classe et lors de l\u2019atelier.<\/p>\n<p>Ce sont les contenus \u00e9tudi\u00e9s, et non les participants, qui sont au c\u0153ur de l\u2019atelier. Ils ne sont donc pas encourag\u00e9s \u00e0 se pr\u00e9senter eux-m\u00eames sur le site Web. Au contraire, l\u2019atelier porte \u00e9galement sur la transmission d\u2019une gestion critique et autonome des donn\u00e9es personnelles sur Internet. Les responsables du mus\u00e9e doivent avoir l\u2019assurance que les participants le font de leur plein gr\u00e9, en accord avec vous et avec votre autorisation.<\/p>\n<p>Merci de bien vouloir confirmer la r\u00e9ception de cette information.<\/p>\n<p>Cordialement,<\/p>\n","protected":false},"excerpt":{"rendered":"<p>Chers parents et tuteurs l\u00e9gaux, Le XX.XX.20XX, nous visiterons le Mus\u00e9e de la communication \u00e0 Berne. Nous y participerons \u00e0 un atelier guid\u00e9 entre 9 et 16 heures. Les jeunes participants \u00e9tudieront en groupes un th\u00e8me de l\u2019exposition et publieront les r\u00e9sultats sur le blog de recherche du mus\u00e9e sur le site Web kingcom.ch. Nous &hellip;<\/p>\n","protected":false},"author":1,"featured_media":0,"parent":1092,"menu_order":0,"comment_status":"closed","ping_status":"closed","template":"","meta":{"footnotes":""},"class_list":["post-1685","page","type-page","status-publish","hentry"],"_links":{"self":[{"href":"https:\/\/kingcom.ch\/fr\/wp-json\/wp\/v2\/pages\/1685","targetHints":{"allow":["GET"]}}],"collection":[{"href":"https:\/\/kingcom.ch\/fr\/wp-json\/wp\/v2\/pages"}],"about":[{"href":"https:\/\/kingcom.ch\/fr\/wp-json\/wp\/v2\/types\/page"}],"author":[{"embeddable":true,"href":"https:\/\/kingcom.ch\/fr\/wp-json\/wp\/v2\/users\/1"}],"replies":[{"embeddable":true,"href":"https:\/\/kingcom.ch\/fr\/wp-json\/wp\/v2\/comments?post=1685"}],"version-history":[{"count":2,"href":"https:\/\/kingcom.ch\/fr\/wp-json\/wp\/v2\/pages\/1685\/revisions"}],"predecessor-version":[{"id":1701,"href":"https:\/\/kingcom.ch\/fr\/wp-json\/wp\/v2\/pages\/1685\/revisions\/1701"}],"up":[{"embeddable":true,"href":"https:\/\/kingcom.ch\/fr\/wp-json\/wp\/v2\/pages\/1092"}],"wp:attachment":[{"href":"https:\/\/kingcom.ch\/fr\/wp-json\/wp\/v2\/media?parent=1685"}],"curies":[{"name":"wp","href":"https:\/\/api.w.org\/{rel}","templated":true}]}}