{"id":1683,"date":"2017-07-29T14:32:14","date_gmt":"2017-07-29T12:32:14","guid":{"rendered":"https:\/\/kingcom.ch\/?page_id=1683\/"},"modified":"2022-03-11T13:47:33","modified_gmt":"2022-03-11T12:47:33","slug":"check-list-organisation","status":"publish","type":"page","link":"https:\/\/kingcom.ch\/fr\/participer\/check-list-organisation\/","title":{"rendered":"Check-list organisation"},"content":{"rendered":"<ol>\n<li>Toutes les informations sur l\u2019offre \u00e9tudi\u00e9es sur <a href=\"https:\/\/kingcom.ch\/fr\/quest-ce-que-kingcom\/\">https:\/\/kingcom.ch\/fr\/quest-ce-que-kingcom\/<\/a>\u00a0et <a href=\"https:\/\/kingcom.ch\/fr\/participer\/\">https:\/\/kingcom.ch\/fr\/participer\/<\/a>\u00a0et conseils \u00e9ventuellement obtenus.<\/li>\n<li>Financement assur\u00e9.<\/li>\n<li>Accord de la direction de l\u2019\u00e9cole obtenu.<\/li>\n<li>Trajets \u00e9tudi\u00e9s (calculer 30 minutes pour le trajet entre la gare centrale de Berne et le mus\u00e9e).<\/li>\n<li>Date souhait\u00e9e et dates alternatives contr\u00f4l\u00e9es, discut\u00e9es avec les coll\u00e8gues, collision avec d\u2019autres \u00e9v\u00e9nements exclue.<\/li>\n<li>Classe inscrite sur <a href=\"https:\/\/kingcom.ch\/fr\/participer\/\">https:\/\/kingcom.ch\/fr\/participer\/<\/a>.<\/li>\n<li>Donn\u00e9es de connexion re\u00e7ues de la part du mus\u00e9e et inscription r\u00e9alis\u00e9e sur <a href=\"https:\/\/register.kingcom.ch\">register.kingcom.ch<\/a>.<\/li>\n<li>Repas de midi organis\u00e9 (pique-nique possible sur l\u2019esplanade partiellement couverte du mus\u00e9e).<\/li>\n<li>Arriv\u00e9e organis\u00e9e.<\/li>\n<li>Tuteurs l\u00e9gaux inform\u00e9s.<\/li>\n<\/ol>\n","protected":false},"excerpt":{"rendered":"<p>Toutes les informations sur l\u2019offre \u00e9tudi\u00e9es sur https:\/\/kingcom.ch\/fr\/quest-ce-que-kingcom\/\u00a0et https:\/\/kingcom.ch\/fr\/participer\/\u00a0et conseils \u00e9ventuellement obtenus. Financement assur\u00e9. Accord de la direction de l\u2019\u00e9cole obtenu. Trajets \u00e9tudi\u00e9s (calculer 30 minutes pour le trajet entre la gare centrale de Berne et le mus\u00e9e). Date souhait\u00e9e et dates alternatives contr\u00f4l\u00e9es, discut\u00e9es avec les coll\u00e8gues, collision avec d\u2019autres \u00e9v\u00e9nements exclue. Classe inscrite &hellip;<\/p>\n","protected":false},"author":1,"featured_media":0,"parent":1092,"menu_order":0,"comment_status":"closed","ping_status":"closed","template":"","meta":{"footnotes":""},"class_list":["post-1683","page","type-page","status-publish","hentry"],"_links":{"self":[{"href":"https:\/\/kingcom.ch\/fr\/wp-json\/wp\/v2\/pages\/1683","targetHints":{"allow":["GET"]}}],"collection":[{"href":"https:\/\/kingcom.ch\/fr\/wp-json\/wp\/v2\/pages"}],"about":[{"href":"https:\/\/kingcom.ch\/fr\/wp-json\/wp\/v2\/types\/page"}],"author":[{"embeddable":true,"href":"https:\/\/kingcom.ch\/fr\/wp-json\/wp\/v2\/users\/1"}],"replies":[{"embeddable":true,"href":"https:\/\/kingcom.ch\/fr\/wp-json\/wp\/v2\/comments?post=1683"}],"version-history":[{"count":6,"href":"https:\/\/kingcom.ch\/fr\/wp-json\/wp\/v2\/pages\/1683\/revisions"}],"predecessor-version":[{"id":34560,"href":"https:\/\/kingcom.ch\/fr\/wp-json\/wp\/v2\/pages\/1683\/revisions\/34560"}],"up":[{"embeddable":true,"href":"https:\/\/kingcom.ch\/fr\/wp-json\/wp\/v2\/pages\/1092"}],"wp:attachment":[{"href":"https:\/\/kingcom.ch\/fr\/wp-json\/wp\/v2\/media?parent=1683"}],"curies":[{"name":"wp","href":"https:\/\/api.w.org\/{rel}","templated":true}]}}