{"id":1675,"date":"2017-07-29T14:06:21","date_gmt":"2017-07-29T12:06:21","guid":{"rendered":"https:\/\/kingcom.ch\/?page_id=1675\/"},"modified":"2022-03-10T18:00:48","modified_gmt":"2022-03-10T17:00:48","slug":"protection-des-donnees","status":"publish","type":"page","link":"https:\/\/kingcom.ch\/fr\/quest-ce-que-kingcom\/protection-des-donnees\/","title":{"rendered":"Protection des donn\u00e9es"},"content":{"rendered":"<p>Nous nous basons sur le\u00a0<a href=\"https:\/\/www.lp-sl.bkd.be.ch\/content\/dam\/lp-sl_bkd\/dokumente\/fr\/startseite\/themen\/medien-und-informatik\/medien-informatik-empfehlungen-f.pdf\">guide<\/a>\u00a0de la protection des donn\u00e9es personnelles dans les \u00e9coles publiques du canton de Berne, notamment le chapitre 4.1.6 (photos, enregistrements vid\u00e9os et sonores \u00e0 l\u2019\u00e9cole). Nous abordons les points suivants dans chaque atelier.<\/p>\n<p><strong>Protection de la personnalit\u00e9:<\/strong><\/p>\n<ol>\n<li>Un article de blog est sign\u00e9 avec le pr\u00e9nom, jamais avec les nom et pr\u00e9nom. Nous recommandons d\u2019utiliser un symbole plut\u00f4t qu\u2019un portrait comme image d\u2019auteur.<\/li>\n<li>Kingcom publie l\u2019ensemble des vid\u00e9os sur YouTube et l\u2019ensemble des enregistrements audio sur Soundcloud.<\/li>\n<li>Si les participants apparaissent sur des photos ou des vid\u00e9os, ils le font de leur plein gr\u00e9 et les mineurs avec l\u2019accord des tuteurs l\u00e9gaux.<\/li>\n<li>Les participants s\u2019engagent \u00e0 mentionner ces points aux passants ou visiteurs du mus\u00e9e avant toute interview.<\/li>\n<\/ol>\n<p><strong>Droit d\u2019auteur:<\/strong><\/p>\n<ol>\n<li>Le Mus\u00e9e de la communication autorise les participants \u00e0 utiliser les expositions avec l\u2019ensemble des contenus pour le site Web kingcom.ch, notamment \u00e0 les illustrer avec des photos ou des films. Les passages des textes de l\u2019exposition doivent \u00eatre pr\u00e9sent\u00e9s sous forme de citations correctes.<\/li>\n<li>Il est interdit de copier des textes, images et vid\u00e9os tir\u00e9s d\u2019Internet et de les utiliser dans le cadre d\u2019un article de blog sans mentionner l\u2019auteur! Les articles pr\u00e9sentant des contenus copi\u00e9s sont supprim\u00e9s. Les citations ainsi que les liens vers des contenus de tiers sur Internet sont possibles.<\/li>\n<\/ol>\n","protected":false},"excerpt":{"rendered":"<p>Nous nous basons sur le\u00a0guide\u00a0de la protection des donn\u00e9es personnelles dans les \u00e9coles publiques du canton de Berne, notamment le chapitre 4.1.6 (photos, enregistrements vid\u00e9os et sonores \u00e0 l\u2019\u00e9cole). Nous abordons les points suivants dans chaque atelier. Protection de la personnalit\u00e9: Un article de blog est sign\u00e9 avec le pr\u00e9nom, jamais avec les nom et &hellip;<\/p>\n","protected":false},"author":1,"featured_media":0,"parent":1085,"menu_order":0,"comment_status":"closed","ping_status":"closed","template":"","meta":{"footnotes":""},"class_list":["post-1675","page","type-page","status-publish","hentry"],"_links":{"self":[{"href":"https:\/\/kingcom.ch\/fr\/wp-json\/wp\/v2\/pages\/1675","targetHints":{"allow":["GET"]}}],"collection":[{"href":"https:\/\/kingcom.ch\/fr\/wp-json\/wp\/v2\/pages"}],"about":[{"href":"https:\/\/kingcom.ch\/fr\/wp-json\/wp\/v2\/types\/page"}],"author":[{"embeddable":true,"href":"https:\/\/kingcom.ch\/fr\/wp-json\/wp\/v2\/users\/1"}],"replies":[{"embeddable":true,"href":"https:\/\/kingcom.ch\/fr\/wp-json\/wp\/v2\/comments?post=1675"}],"version-history":[{"count":4,"href":"https:\/\/kingcom.ch\/fr\/wp-json\/wp\/v2\/pages\/1675\/revisions"}],"predecessor-version":[{"id":34547,"href":"https:\/\/kingcom.ch\/fr\/wp-json\/wp\/v2\/pages\/1675\/revisions\/34547"}],"up":[{"embeddable":true,"href":"https:\/\/kingcom.ch\/fr\/wp-json\/wp\/v2\/pages\/1085"}],"wp:attachment":[{"href":"https:\/\/kingcom.ch\/fr\/wp-json\/wp\/v2\/media?parent=1675"}],"curies":[{"name":"wp","href":"https:\/\/api.w.org\/{rel}","templated":true}]}}