{"id":1092,"date":"2016-12-04T16:55:59","date_gmt":"2016-12-04T15:55:59","guid":{"rendered":"https:\/\/kingcom.ch\/fr\/?page_id=1092"},"modified":"2018-09-17T14:48:35","modified_gmt":"2018-09-17T12:48:35","slug":"participer","status":"publish","type":"page","link":"https:\/\/kingcom.ch\/fr\/participer\/","title":{"rendered":"Participer"},"content":{"rendered":"<div id=\"accordions-1695\" class=\"accordions-1695 accordions\" data-accordions={&quot;lazyLoad&quot;:true,&quot;id&quot;:&quot;1695&quot;,&quot;event&quot;:&quot;click&quot;,&quot;collapsible&quot;:&quot;true&quot;,&quot;heightStyle&quot;:&quot;content&quot;,&quot;animateStyle&quot;:&quot;swing&quot;,&quot;animateDelay&quot;:1000,&quot;navigation&quot;:true,&quot;active&quot;:999,&quot;expandedOther&quot;:&quot;no&quot;}>\r\n                <div id=\"accordions-lazy-1695\" class=\"accordions-lazy\" accordionsId=\"1695\">\r\n                    <\/div>\r\n\r\n    <div class=\"items\"  style=\"display:none\" >\r\n    \r\n            <div post_id=\"1695\" itemcount=\"0\"  header_id=\"header-0\" id=\"header-0\" style=\"\" class=\"accordions-head head0 border-none\" toggle-text=\"\" main-text=\"Pr\u00e9paration\">\r\n                                    <span id=\"accordion-icons-0\" class=\"accordion-icons\">\r\n                        <span class=\"accordion-icon-active accordion-plus\"><i class=\"fa fa-chevron-up\"><\/i><\/span>\r\n                        <span class=\"accordion-icon-inactive accordion-minus\"><i class=\"fa fa-chevron-down\"><\/i><\/span>\r\n                    <\/span>\r\n                    <span id=\"header-text-0\" class=\"accordions-head-title\">Pr\u00e9paration<\/span>\r\n                            <\/div>\r\n            <div class=\"accordion-content content0 \">\r\n                <p>Avant un atelier Kingcom avec une classe, nous attendons les pr\u00e9parations suivantes de la part des enseignants responsables:<\/p>\n<ol>\n<li>Lire le\u00a0<a href=\"https:\/\/kingcom.ch\/fr\/quest-ce-que-kingcom\/glossaire\/\">glossaire<\/a>, notamment les explications sur le \u00abmandat de recherche\u00bb.<\/li>\n<li>Former des groupes de trois.<br \/>\nSi vous le souhaitez et \u00e9ventuellement en consultation avec le mus\u00e9e, s\u00e9lectionnez un <a href=\"https:\/\/kingcom.ch\/fr\/research-cats\/\">mandat de recherche<\/a> pr\u00e9par\u00e9 par le mus\u00e9e par groupe ou formulez vos propres mandats de recherche.<\/li>\n<li>Respecter les informations relatives \u00e0 la <a href=\"https:\/\/kingcom.ch\/fr\/quest-ce-que-kingcom\/protection-des-donnees\/\">protection des donn\u00e9es<\/a>. Informer les tuteurs l\u00e9gaux dans les temps et obtenir leur accord pr\u00e9alable pour les photos, vid\u00e9os et enregistrements sonores \u00e9ventuels. Vous trouverez ici un <a href=\"https:\/\/kingcom.ch\/fr\/participer\/modele-lettre-aux-parents\/\">mod\u00e8le <\/a>de courrier \u00e0 adresser aux tuteurs l\u00e9gaux.<\/li>\n<li>Organiser l\u2019arriv\u00e9e et le repas de midi. Vous trouverez une check-list <a href=\"https:\/\/kingcom.ch\/fr\/participer\/check-list-organisation\/\">ici<\/a>.<\/li>\n<\/ol>\n<p>Nous sommes \u00e0 votre disposition pour la pr\u00e9paration et pouvons \u00e9galement vous conseiller personnellement: Mus\u00e9e de la communication, Monika Gurtner, Anja Vogel ou Gallus Staubli, t\u00e9l. 031 357 55 19.<\/p>\n            <\/div>\r\n    \r\n            <div post_id=\"1695\" itemcount=\"1\"  header_id=\"header-1501335420612\" id=\"header-1501335420612\" style=\"\" class=\"accordions-head head1501335420612 border-none\" toggle-text=\"\" main-text=\"Co\u00fbts\">\r\n                                    <span id=\"accordion-icons-1501335420612\" class=\"accordion-icons\">\r\n                        <span class=\"accordion-icon-active accordion-plus\"><i class=\"fa fa-chevron-up\"><\/i><\/span>\r\n                        <span class=\"accordion-icon-inactive accordion-minus\"><i class=\"fa fa-chevron-down\"><\/i><\/span>\r\n                    <\/span>\r\n                    <span id=\"header-text-1501335420612\" class=\"accordions-head-title\">Co\u00fbts<\/span>\r\n                            <\/div>\r\n            <div class=\"accordion-content content1501335420612 \">\r\n                <ul>\n<li>CHF 200 par classe de 24 participants au maximum (cycles 2, 3 et sec II avec r\u00e9duction scolaire); l\u2019entr\u00e9e est gratuite<\/li>\n<li>CHF 400 par groupe de 20 personnes au maximum (\u00e9tudiants de hautes \u00e9coles p\u00e9dagogiques, enseignants); l\u2019entr\u00e9e est gratuite<\/li>\n<li>CHF 400 par groupe de 20 personnes au maximum plus CHF 10 d\u2019entr\u00e9e par personne (pour les personnes int\u00e9ress\u00e9es qui n\u2019appartiennent pas \u00e0 l\u2019une des deux cat\u00e9gories ci-dessus)<\/li>\n<li>Les modifications de r\u00e9servation et les annulations d\u2019ateliers confirm\u00e9s co\u00fbtent 50 francs jusqu\u2019\u00e0 cinq jours ouvr\u00e9s avant la date. Apr\u00e8s, le montant total est factur\u00e9.<\/li>\n<li>Payable ult\u00e9rieurement \u00e0 r\u00e9ception de facture ou en esp\u00e8ces \u00e0 la r\u00e9ception du mus\u00e9e.<\/li>\n<\/ul>\n            <\/div>\r\n    \r\n            <div post_id=\"1695\" itemcount=\"2\"  header_id=\"header-1501335476355\" id=\"header-1501335476355\" style=\"\" class=\"accordions-head head1501335476355 border-none\" toggle-text=\"\" main-text=\"Inscription\">\r\n                                    <span id=\"accordion-icons-1501335476355\" class=\"accordion-icons\">\r\n                        <span class=\"accordion-icon-active accordion-plus\"><i class=\"fa fa-chevron-up\"><\/i><\/span>\r\n                        <span class=\"accordion-icon-inactive accordion-minus\"><i class=\"fa fa-chevron-down\"><\/i><\/span>\r\n                    <\/span>\r\n                    <span id=\"header-text-1501335476355\" class=\"accordions-head-title\">Inscription<\/span>\r\n                            <\/div>\r\n            <div class=\"accordion-content content1501335476355 \">\r\n                <p class=\"MsoNormal\"><span style=\"background-image: initial; background-position: initial; background-size: initial; background-repeat: initial; background-attachment: initial;\">Au moins 14 jours \u00e0 l\u2019avance avec le formulaire d\u2019inscription ci-dessous.<\/span><\/p>\n            <\/div>\r\n    \r\n            <div post_id=\"1695\" itemcount=\"3\"  header_id=\"header-1501335488732\" id=\"header-1501335488732\" style=\"\" class=\"accordions-head head1501335488732 border-none\" toggle-text=\"\" main-text=\"Dates\">\r\n                                    <span id=\"accordion-icons-1501335488732\" class=\"accordion-icons\">\r\n                        <span class=\"accordion-icon-active accordion-plus\"><i class=\"fa fa-chevron-up\"><\/i><\/span>\r\n                        <span class=\"accordion-icon-inactive accordion-minus\"><i class=\"fa fa-chevron-down\"><\/i><\/span>\r\n                    <\/span>\r\n                    <span id=\"header-text-1501335488732\" class=\"accordions-head-title\">Dates<\/span>\r\n                            <\/div>\r\n            <div class=\"accordion-content content1501335488732 \">\r\n                <p class=\"MsoNormal\"><span style=\"background-image: initial; background-position: initial; background-size: initial; background-repeat: initial; background-attachment: initial;\">Du mardi au samedi, entre 9 et 17 heures.<br \/>\n<\/span><span style=\"background-image: initial; background-position: initial; background-size: initial; background-repeat: initial; background-attachment: initial;\">Le mus\u00e9e est ferm\u00e9 le lundi.<\/span><\/p>\n            <\/div>\r\n    <\/div>\r\n\r\n\r\n\r\n            <\/div>\n<p><iframe loading=\"lazy\" src=\"https:\/\/register.kingcom.ch\/register\/form_classRegister.php?lang=fr\" width=\"100%\" height=\"1000px\" frameborder=\"0\">Browser not compatible.<\/iframe><\/p>\n","protected":false},"excerpt":{"rendered":"<p>Browser not compatible.<\/p>\n","protected":false},"author":1,"featured_media":0,"parent":0,"menu_order":0,"comment_status":"closed","ping_status":"closed","template":"","meta":{"footnotes":""},"class_list":["post-1092","page","type-page","status-publish","hentry"],"_links":{"self":[{"href":"https:\/\/kingcom.ch\/fr\/wp-json\/wp\/v2\/pages\/1092","targetHints":{"allow":["GET"]}}],"collection":[{"href":"https:\/\/kingcom.ch\/fr\/wp-json\/wp\/v2\/pages"}],"about":[{"href":"https:\/\/kingcom.ch\/fr\/wp-json\/wp\/v2\/types\/page"}],"author":[{"embeddable":true,"href":"https:\/\/kingcom.ch\/fr\/wp-json\/wp\/v2\/users\/1"}],"replies":[{"embeddable":true,"href":"https:\/\/kingcom.ch\/fr\/wp-json\/wp\/v2\/comments?post=1092"}],"version-history":[{"count":7,"href":"https:\/\/kingcom.ch\/fr\/wp-json\/wp\/v2\/pages\/1092\/revisions"}],"predecessor-version":[{"id":9539,"href":"https:\/\/kingcom.ch\/fr\/wp-json\/wp\/v2\/pages\/1092\/revisions\/9539"}],"wp:attachment":[{"href":"https:\/\/kingcom.ch\/fr\/wp-json\/wp\/v2\/media?parent=1092"}],"curies":[{"name":"wp","href":"https:\/\/api.w.org\/{rel}","templated":true}]}}