{"id":1475,"date":"2017-06-20T16:32:32","date_gmt":"2017-06-20T14:32:32","guid":{"rendered":"https:\/\/kingcom.ch\/?page_id=1475\/"},"modified":"2017-07-14T14:22:00","modified_gmt":"2017-07-14T12:22:00","slug":"vorlage-mailing","status":"publish","type":"page","link":"https:\/\/kingcom.ch\/de\/mitmachen\/vorlage-mailing\/","title":{"rendered":"Vorlage Mailing"},"content":{"rendered":"<p>Gesch\u00e4tzte Eltern und Erziehungsberechtigte<\/p>\n<p>Am XX.XX.20XX besuchen wir das Museum f\u00fcr Kommunikation in Bern. Dort nehmen wir zwischen 9 und 16 Uhr an einem betreuten Workshop teil. Die Lernenden werden in Gruppen ein Thema der Ausstellung erforschen und die Ergebnisse im Forschungsblog des Museums auf der Website kingcom.ch ver\u00f6ffentlichen.<\/p>\n<p>Wir bitten Sie, die Hinweise zum Datenschutz zur Kenntnis zu nehmen. Sie finden diese unter\u00a0<a href=\"https:\/\/kingcom.ch\/de\/das-ist-kingcom\/datenschutz\/\">https:\/\/kingcom.ch\/de\/das-ist-kingcom\/datenschutz\/<\/a>. Sowohl im Unterricht als auch am Workshop werden wir auf diese Punkte eingehen.<\/p>\n<p>Im Zentrum des Workshops stehen die erforschten Inhalte, nicht die Lernenden. Sie werden also nicht dazu animiert, sich auf der Webseite selber darzustellen. Im Gegenteil: Die Vermittlung eines kritischen und selbstbestimmten Umgangs mit pers\u00f6nlichen Daten im Internet ist Teil des Workshops. Die Verantwortlichen des Museums m\u00fcssen davon ausgehen k\u00f6nnen, dass im Rahmen des Blogs abgebildete Lernende dies freiwillig, in Absprache mit Ihnen und mit Ihrer Erlaubnis tun.<\/p>\n<p>Besten Dank f\u00fcr eine kurze R\u00fcckbest\u00e4tigung des Erhalts dieser Information.<\/p>\n<p>Freundlicher Gruss<\/p>\n","protected":false},"excerpt":{"rendered":"<p>Gesch\u00e4tzte Eltern und Erziehungsberechtigte Am XX.XX.20XX besuchen wir das Museum f\u00fcr Kommunikation in Bern. Dort nehmen wir zwischen 9 und 16 Uhr an einem betreuten Workshop teil. Die Lernenden werden in Gruppen ein Thema der Ausstellung erforschen und die Ergebnisse im Forschungsblog des Museums auf der Website kingcom.ch ver\u00f6ffentlichen. Wir bitten Sie, die Hinweise zum &hellip;<\/p>\n","protected":false},"author":1,"featured_media":0,"parent":1047,"menu_order":0,"comment_status":"closed","ping_status":"closed","template":"","meta":{"footnotes":""},"class_list":["post-1475","page","type-page","status-publish","hentry"],"_links":{"self":[{"href":"https:\/\/kingcom.ch\/de\/wp-json\/wp\/v2\/pages\/1475","targetHints":{"allow":["GET"]}}],"collection":[{"href":"https:\/\/kingcom.ch\/de\/wp-json\/wp\/v2\/pages"}],"about":[{"href":"https:\/\/kingcom.ch\/de\/wp-json\/wp\/v2\/types\/page"}],"author":[{"embeddable":true,"href":"https:\/\/kingcom.ch\/de\/wp-json\/wp\/v2\/users\/1"}],"replies":[{"embeddable":true,"href":"https:\/\/kingcom.ch\/de\/wp-json\/wp\/v2\/comments?post=1475"}],"version-history":[{"count":9,"href":"https:\/\/kingcom.ch\/de\/wp-json\/wp\/v2\/pages\/1475\/revisions"}],"predecessor-version":[{"id":1600,"href":"https:\/\/kingcom.ch\/de\/wp-json\/wp\/v2\/pages\/1475\/revisions\/1600"}],"up":[{"embeddable":true,"href":"https:\/\/kingcom.ch\/de\/wp-json\/wp\/v2\/pages\/1047"}],"wp:attachment":[{"href":"https:\/\/kingcom.ch\/de\/wp-json\/wp\/v2\/media?parent=1475"}],"curies":[{"name":"wp","href":"https:\/\/api.w.org\/{rel}","templated":true}]}}