{"id":1473,"date":"2017-06-20T16:29:12","date_gmt":"2017-06-20T14:29:12","guid":{"rendered":"https:\/\/kingcom.ch\/?page_id=1473\/"},"modified":"2022-03-11T13:45:34","modified_gmt":"2022-03-11T12:45:34","slug":"checkliste-organisation","status":"publish","type":"page","link":"https:\/\/kingcom.ch\/de\/mitmachen\/checkliste-organisation\/","title":{"rendered":"Checkliste Organisation"},"content":{"rendered":"<ol>\n<li>S\u00e4mtliche Informationen zum Angebot auf\u00a0<a href=\"https:\/\/kingcom.ch\/de\/das-ist-kingcom\/\">kingcom.ch\/de\/das-ist-kingcom\/<\/a> und\u00a0 <a href=\"https:\/\/kingcom.ch\/de\/mitmachen\/\">kingcom.ch\/de\/mitmachen\/<\/a> studiert und n\u00f6tigenfalls Beratung eingeholt.<\/li>\n<li>Finanzierung gesichert.<\/li>\n<li>Einverst\u00e4ndnis der Schulleitung eingeholt.<\/li>\n<li>Fahrpl\u00e4ne studiert (f\u00fcr den Weg vom Hauptbahnhof Bern zum Museum 30 Minuten einrechnen).<\/li>\n<li>Wunschtermin und alternative Termine gecheckt, mit Kolleginnen abgesprochen, Kollision mit anderen Anl\u00e4ssen ausgeschlossen.<\/li>\n<li>Klasse auf\u00a0<a href=\"https:\/\/kingcom.ch\/de\/mitmachen\/\">kingcom.ch\/de\/mitmachen\/<\/a> angemeldet.<\/li>\n<li>Login-Daten vom Museum erhalten und auf <a href=\"https:\/\/register.kingcom.ch\">register.kingcom.ch<\/a> angemeldet.<\/li>\n<li>Allf\u00e4llige Mittagsverpflegung organisiert (Picknick auf dem teilweise gedeckten Vorplatz des Museums m\u00f6glich).<\/li>\n<li>Anreise organisiert.<\/li>\n<li>Erziehungsberechtigte informiert.<\/li>\n<\/ol>\n","protected":false},"excerpt":{"rendered":"<p>S\u00e4mtliche Informationen zum Angebot auf\u00a0kingcom.ch\/de\/das-ist-kingcom\/ und\u00a0 kingcom.ch\/de\/mitmachen\/ studiert und n\u00f6tigenfalls Beratung eingeholt. Finanzierung gesichert. Einverst\u00e4ndnis der Schulleitung eingeholt. Fahrpl\u00e4ne studiert (f\u00fcr den Weg vom Hauptbahnhof Bern zum Museum 30 Minuten einrechnen). Wunschtermin und alternative Termine gecheckt, mit Kolleginnen abgesprochen, Kollision mit anderen Anl\u00e4ssen ausgeschlossen. Klasse auf\u00a0kingcom.ch\/de\/mitmachen\/ angemeldet. Login-Daten vom Museum erhalten und auf register.kingcom.ch angemeldet. &hellip;<\/p>\n","protected":false},"author":1,"featured_media":0,"parent":1047,"menu_order":0,"comment_status":"closed","ping_status":"closed","template":"","meta":{"footnotes":""},"class_list":["post-1473","page","type-page","status-publish","hentry"],"_links":{"self":[{"href":"https:\/\/kingcom.ch\/de\/wp-json\/wp\/v2\/pages\/1473","targetHints":{"allow":["GET"]}}],"collection":[{"href":"https:\/\/kingcom.ch\/de\/wp-json\/wp\/v2\/pages"}],"about":[{"href":"https:\/\/kingcom.ch\/de\/wp-json\/wp\/v2\/types\/page"}],"author":[{"embeddable":true,"href":"https:\/\/kingcom.ch\/de\/wp-json\/wp\/v2\/users\/1"}],"replies":[{"embeddable":true,"href":"https:\/\/kingcom.ch\/de\/wp-json\/wp\/v2\/comments?post=1473"}],"version-history":[{"count":9,"href":"https:\/\/kingcom.ch\/de\/wp-json\/wp\/v2\/pages\/1473\/revisions"}],"predecessor-version":[{"id":34558,"href":"https:\/\/kingcom.ch\/de\/wp-json\/wp\/v2\/pages\/1473\/revisions\/34558"}],"up":[{"embeddable":true,"href":"https:\/\/kingcom.ch\/de\/wp-json\/wp\/v2\/pages\/1047"}],"wp:attachment":[{"href":"https:\/\/kingcom.ch\/de\/wp-json\/wp\/v2\/media?parent=1473"}],"curies":[{"name":"wp","href":"https:\/\/api.w.org\/{rel}","templated":true}]}}