{"id":1427,"date":"2017-06-20T11:22:22","date_gmt":"2017-06-20T09:22:22","guid":{"rendered":"https:\/\/kingcom.ch\/?page_id=1427\/"},"modified":"2022-03-10T18:06:02","modified_gmt":"2022-03-10T17:06:02","slug":"datenschutz","status":"publish","type":"page","link":"https:\/\/kingcom.ch\/de\/das-ist-kingcom\/datenschutz\/","title":{"rendered":"Datenschutz"},"content":{"rendered":"<p>Wir orientieren uns am <a href=\"https:\/\/www.lp-sl.bkd.be.ch\/content\/dam\/lp-sl_bkd\/dokumente\/de\/startseite\/themen\/medien-und-informatik\/unterlagen-datenschutz-leitfaden-d.pdf\" target=\"_blank\" rel=\"noopener\">Leitfaden<\/a>\u00a0f\u00fcr Datenschutz in den Volksschulen des Kantons Bern, insbesondere Kapitel 4.1.6 (Fotos, Video- und Tonaufnahmen in der Volksschule). Wir thematisieren unten stehende Punkte in jedem Workshop.<\/p>\n<p><strong>Pers\u00f6nlichkeitsschutz:<\/strong><\/p>\n<ol>\n<li>Ein Blogbeitrag wird mit dem Vornamen unterschrieben, <em>niemals<\/em> mit Vor- und Nachnamen. Wir empfehlen als Autoren-Bild an Stelle eines Portr\u00e4ts ein Symbolbild zu verwenden.<\/li>\n<li>Kingcom ver\u00f6ffentlicht s\u00e4mtliche Videobeitr\u00e4ge auf Youtube und s\u00e4mtliche Audiobeitr\u00e4ge auf Soundcloud!<\/li>\n<li>Sind Teilnehmende auf Fotos oder Videos sichtbar, tun sie dies freiwillig; Minderj\u00e4hrige mit der Erlaubnis der Erziehungsberechtigten.<\/li>\n<li>Die Teilnehmenden verpflichten sich, Passanten oder Museumsbesucherinnen vor einem Interview auf diese Punkte hinzuweisen.<\/li>\n<\/ol>\n<p><strong>Urheberrecht:<\/strong><\/p>\n<ol>\n<li>Das Museum f\u00fcr Kommunikation erlaubt Teilnehmenden die Ausstellungen mit s\u00e4mtlichen Inhalten f\u00fcr die Webseite kingcom.ch zu nutzen, insbesondere fotografisch oder filmisch abzubilden. Passagen aus Ausstellungstexten sind als korrekte Zitate auszuweisen.<\/li>\n<li>Text-, Bild- und Videomaterial aus dem Internet zu kopieren und im Rahmen eines Blogbeitrags zu verwenden ist verboten! Beitr\u00e4ge mit kopierten Inhalten werden gel\u00f6scht.<br \/>\nKorrekte Zitate, sowie Verlinkungen auf Inhalte Dritter im Internet sind m\u00f6glich.<\/li>\n<\/ol>\n","protected":false},"excerpt":{"rendered":"<p>Wir orientieren uns am Leitfaden\u00a0f\u00fcr Datenschutz in den Volksschulen des Kantons Bern, insbesondere Kapitel 4.1.6 (Fotos, Video- und Tonaufnahmen in der Volksschule). Wir thematisieren unten stehende Punkte in jedem Workshop. Pers\u00f6nlichkeitsschutz: Ein Blogbeitrag wird mit dem Vornamen unterschrieben, niemals mit Vor- und Nachnamen. Wir empfehlen als Autoren-Bild an Stelle eines Portr\u00e4ts ein Symbolbild zu verwenden. &hellip;<\/p>\n","protected":false},"author":1,"featured_media":0,"parent":1043,"menu_order":0,"comment_status":"closed","ping_status":"closed","template":"","meta":{"footnotes":""},"class_list":["post-1427","page","type-page","status-publish","hentry"],"_links":{"self":[{"href":"https:\/\/kingcom.ch\/de\/wp-json\/wp\/v2\/pages\/1427","targetHints":{"allow":["GET"]}}],"collection":[{"href":"https:\/\/kingcom.ch\/de\/wp-json\/wp\/v2\/pages"}],"about":[{"href":"https:\/\/kingcom.ch\/de\/wp-json\/wp\/v2\/types\/page"}],"author":[{"embeddable":true,"href":"https:\/\/kingcom.ch\/de\/wp-json\/wp\/v2\/users\/1"}],"replies":[{"embeddable":true,"href":"https:\/\/kingcom.ch\/de\/wp-json\/wp\/v2\/comments?post=1427"}],"version-history":[{"count":22,"href":"https:\/\/kingcom.ch\/de\/wp-json\/wp\/v2\/pages\/1427\/revisions"}],"predecessor-version":[{"id":34549,"href":"https:\/\/kingcom.ch\/de\/wp-json\/wp\/v2\/pages\/1427\/revisions\/34549"}],"up":[{"embeddable":true,"href":"https:\/\/kingcom.ch\/de\/wp-json\/wp\/v2\/pages\/1043"}],"wp:attachment":[{"href":"https:\/\/kingcom.ch\/de\/wp-json\/wp\/v2\/media?parent=1427"}],"curies":[{"name":"wp","href":"https:\/\/api.w.org\/{rel}","templated":true}]}}