{"id":132,"date":"2016-03-23T17:18:22","date_gmt":"2016-03-23T16:18:22","guid":{"rendered":"https:\/\/kingcom.ch\/?page_id=132"},"modified":"2016-05-31T12:02:33","modified_gmt":"2016-05-31T10:02:33","slug":"research-cats","status":"publish","type":"page","link":"https:\/\/kingcom.ch\/de\/research-cats\/","title":{"rendered":"Forschungsauftr\u00e4ge"},"content":{"rendered":"<div class=\"research-cats\"><div class='row'><div class='col-md-2'><a href='https:\/\/kingcom.ch\/de\/researches\/category\/warum-kommuniziere-ich\/'><img src='https:\/\/kingcom.ch\/wp-content\/uploads\/2016\/04\/warum_w.svg' style='background-color:#cc5744;' class='image-icon-big'><\/a><\/div><div class='col-md-8'><h3><a href=\"https:\/\/kingcom.ch\/de\/researches\/category\/warum-kommuniziere-ich\/\">Labor: Warum kommuniziere ich? (1-2)<\/a><\/h3><div>Menschen leben in Gemeinschaften. Das Zusammenleben mit anderen regeln wir mit Kommunikation. Pl\u00e4ne schmieden, Wissen weitergeben, mit Freunden scherzen: Kommunikation hilft uns, unsere Bed\u00fcrfnisse zu befriedigen. Erst durch sie entwickelst du ein eigenes Bewusstsein. Was macht dich als Person aus?<\/div><\/div><\/div><div class='row'><div class='col-md-2'><a href='https:\/\/kingcom.ch\/de\/researches\/category\/mit-wem-kommuniziere-ich\/'><img src='https:\/\/kingcom.ch\/wp-content\/uploads\/2016\/04\/mitwem_w.svg' style='background-color:#008ed3;' class='image-icon-big'><\/a><\/div><div class='col-md-8'><h3><a href=\"https:\/\/kingcom.ch\/de\/researches\/category\/mit-wem-kommuniziere-ich\/\">Labor: Mit wem kommuniziere ich? (3-4)<\/a><\/h3><div>Fussball, klassische Musik, essen mit St\u00e4bchen? Jede Kultur hat eigene Merkmale. Sie hat Einfluss darauf, wie wir uns anziehen, sprechen und verhalten. Das hilft dir zu entscheiden, auf welche Menschen du zugehst: So entsteht dein Umfeld. Mit wem kommunizierst du \u2013 und mit wem eher nicht?<\/div><\/div><\/div><div class='row'><div class='col-md-2'><a href='https:\/\/kingcom.ch\/de\/researches\/category\/wie-kommuniziere-ich-erfolgreich\/'><img src='https:\/\/kingcom.ch\/wp-content\/uploads\/2016\/04\/wirkung_w.svg' style='background-color:#86b44d;' class='image-icon-big'><\/a><\/div><div class='col-md-8'><h3><a href=\"https:\/\/kingcom.ch\/de\/researches\/category\/wie-kommuniziere-ich-erfolgreich\/\">Labor: Wie kommuniziere ich erfolgreich?(5-6)<\/a><\/h3><div>Kommunizieren heisst codieren und decodieren. Also eine Botschaft in Bilder, Gesten oder S\u00e4tze verpacken, die das Gegen\u00fcber dann wieder entschl\u00fcsselt. Nur wenn wir denselben Code verwenden, verstehen wir uns. Oft passieren Fehler \u2013 und aus Missverst\u00e4ndnissen k\u00f6nnen Konflikte entstehen. Wie gehst du damit um?<\/div><\/div><\/div><div class='row'><div class='col-md-2'><a href='https:\/\/kingcom.ch\/de\/researches\/category\/welche-fertigkeiten-brauche-ich\/'><img src='https:\/\/kingcom.ch\/wp-content\/uploads\/2016\/04\/fertigkeiten_w.svg' style='background-color:#e6bc3c;' class='image-icon-big'><\/a><\/div><div class='col-md-8'><h3><a href=\"https:\/\/kingcom.ch\/de\/researches\/category\/welche-fertigkeiten-brauche-ich\/\">Labor: Welche Fertigkeiten brauche ich? (7-8)<\/a><\/h3><div>Kommunikation ist kompliziert und beansprucht all unsere Sinne. St\u00f6rende Ger\u00e4usche, unkontrollierte Gef\u00fchle, unterschiedliche Sprachen: Vieles kann den Austausch gef\u00e4hrden. Hier sind F\u00e4higkeiten und Fertigkeiten gefragt \u2013 kurz: soziale Kompetenzen. Beherrschst du die Kommunikation? Wie kannst du noch besser werden?<\/div><\/div><\/div><div class='row'><div class='col-md-2'><a href='https:\/\/kingcom.ch\/de\/researches\/category\/welche-hilfsmittel-benoetige-ich\/'><img src='https:\/\/kingcom.ch\/wp-content\/uploads\/2016\/04\/hilfsmittel_w.svg' style='background-color:#5d4f44;' class='image-icon-big'><\/a><\/div><div class='col-md-8'><h3><a href=\"https:\/\/kingcom.ch\/de\/researches\/category\/welche-hilfsmittel-benoetige-ich\/\">Tools: Welche Hilfsmittel ben\u00f6tige ich? (9-12)<\/a><\/h3><div>Funkger\u00e4t, Fernseher, Smartphone: Analoge und digitale Kommunikationsmittel sind heute selbstverst\u00e4ndlich. Wir k\u00f6nnen damit mehrere Leute gleichzeitig erreichen \u2013 \u00fcber viel gr\u00f6ssere Distanz, als mit unserer Stimme oder unseren K\u00f6rpern. Gleichzeitig stellen diese Hilfsmittel neue Anforderungen an uns. Womit kommunizierst du am liebsten?<\/div><\/div><\/div><div class='row'><div class='col-md-2'><a href='https:\/\/kingcom.ch\/de\/researches\/category\/was-bewahre-ich-auf\/'><img src='https:\/\/kingcom.ch\/wp-content\/uploads\/2016\/04\/aufbewahren_w.svg' style='background-color:#65b2b8;' class='image-icon-big'><\/a><\/div><div class='col-md-8'><h3><a href=\"https:\/\/kingcom.ch\/de\/researches\/category\/was-bewahre-ich-auf\/\">M\u00e9moire: Was bewahre ich auf? (13-16)<\/a><\/h3><div>Erinnerungen geben uns Sicherheit und Orientierung \u2013 denn ohne sie gibt es kein Bewusstsein und keine Kommunikation. Wir alle haben privat oder im Beruf mit Erinnerungen zu tun. Osterhase, Wilhelm Tell oder 9\/11 \u2013 auch ganze Gemeinschaften haben ein sogenanntes \u00abkollektives Ged\u00e4chtnis\u00bb, das sie verbindet. Woran erinnerst du dich gerne? <\/div><\/div><\/div><div class='row'><div class='col-md-2'><a href='https:\/\/kingcom.ch\/de\/researches\/category\/wie-gestalte-ich-mein-digitales-leben\/'><img src='https:\/\/kingcom.ch\/wp-content\/uploads\/2016\/04\/preis_w.svg' style='background-color:#bf007a;' class='image-icon-big'><\/a><\/div><div class='col-md-8'><h3><a href=\"https:\/\/kingcom.ch\/de\/researches\/category\/wie-gestalte-ich-mein-digitales-leben\/\">Datacenter: Wie gestalte ich mein digitales Leben? (17-21)<\/a><\/h3><div>E-Mail, SMS, Suchen im Internet: Digitale Kommunikation bedeutet, \u00fcber technische Ger\u00e4te Daten zu \u00fcbermitteln. Daraus ist ein Markt mit eigenen Machtstrukturen entstanden, in dem viel Geld fliesst. Doch was ist wertvoll? Wer bezahlt, wer verdient? Und: Welche Rolle spielst du?<\/div><\/div><\/div><div class='row'><div class='col-md-2'><a href='https:\/\/kingcom.ch\/de\/researches\/category\/wie-gehe-ich-mit-veraenderung-um\/'><img src='https:\/\/kingcom.ch\/wp-content\/uploads\/2016\/04\/veraenderung_w.svg' style='background-color:#c9d22a;' class='image-icon-big'><\/a><\/div><div class='col-md-8'><h3><a href=\"https:\/\/kingcom.ch\/de\/researches\/category\/wie-gehe-ich-mit-veraenderung-um\/\">Change: Wie gehe ich mit Ver\u00e4nderungen um? (22-28)<\/a><\/h3><div>Kommunikation wandelt sich permanent und immer schneller. Neue Erfindungen beeinflussen unser Verhalten stark: Das begeistert, kann aber gleichzeitig auch Angst machen. Drohnen, Roboter, Chips: Welche Kommunikationsmittel sind f\u00fcr dich neu \u2013 und welche wird es in Zukunft geben?<\/div><\/div><\/div><div class='row'><div class='col-md-2'><a href='https:\/\/kingcom.ch\/de\/researches\/category\/wie-funktioniert-kommunikation\/'><img src='https:\/\/kingcom.ch\/wp-content\/uploads\/2016\/04\/wie_w.svg' style='background-color:#a37d4e;' class='image-icon-big'><\/a><\/div><div class='col-md-8'><h3><a href=\"https:\/\/kingcom.ch\/de\/researches\/category\/wie-funktioniert-kommunikation\/\">Theoretisch: Wie funktioniert Kommunikation? (29-30)<\/a><\/h3><div>Treppenwitz-Ph\u00e4nomen, weisse L\u00fcge oder Salamitaktik \u2013 viele kluge K\u00f6pfe haben sich schon mit Kommunikation auseinandergesetzt und sie bis ins kleinste Detail untersucht. Doch worum geht es in solchen Theorien? Und wo kommen sie in deinem Alltag vor?<\/div><\/div><\/div><div class='row'><div class='col-md-2'><a href='https:\/\/kingcom.ch\/de\/researches\/category\/weitere-themen\/'><img src='https:\/\/kingcom.ch\/wp-content\/uploads\/2016\/04\/diverse_w.svg' style='background-color:#59287f;' class='image-icon-big'><\/a><\/div><div class='col-md-8'><h3><a href=\"https:\/\/kingcom.ch\/de\/researches\/category\/weitere-themen\/\">Weitere Themen<\/a><\/h3><div><\/div><\/div><\/div><\/div>\n","protected":false},"excerpt":{"rendered":"","protected":false},"author":1,"featured_media":0,"parent":0,"menu_order":0,"comment_status":"closed","ping_status":"closed","template":"","meta":{"footnotes":""},"class_list":["post-132","page","type-page","status-publish","hentry"],"_links":{"self":[{"href":"https:\/\/kingcom.ch\/de\/wp-json\/wp\/v2\/pages\/132","targetHints":{"allow":["GET"]}}],"collection":[{"href":"https:\/\/kingcom.ch\/de\/wp-json\/wp\/v2\/pages"}],"about":[{"href":"https:\/\/kingcom.ch\/de\/wp-json\/wp\/v2\/types\/page"}],"author":[{"embeddable":true,"href":"https:\/\/kingcom.ch\/de\/wp-json\/wp\/v2\/users\/1"}],"replies":[{"embeddable":true,"href":"https:\/\/kingcom.ch\/de\/wp-json\/wp\/v2\/comments?post=132"}],"version-history":[{"count":5,"href":"https:\/\/kingcom.ch\/de\/wp-json\/wp\/v2\/pages\/132\/revisions"}],"predecessor-version":[{"id":247,"href":"https:\/\/kingcom.ch\/de\/wp-json\/wp\/v2\/pages\/132\/revisions\/247"}],"wp:attachment":[{"href":"https:\/\/kingcom.ch\/de\/wp-json\/wp\/v2\/media?parent=132"}],"curies":[{"name":"wp","href":"https:\/\/api.w.org\/{rel}","templated":true}]}}