{"id":1047,"date":"2016-11-22T11:42:40","date_gmt":"2016-11-22T10:42:40","guid":{"rendered":"https:\/\/kingcom.ch\/de\/?page_id=1047"},"modified":"2018-09-17T14:48:12","modified_gmt":"2018-09-17T12:48:12","slug":"mitmachen","status":"publish","type":"page","link":"https:\/\/kingcom.ch\/de\/mitmachen\/","title":{"rendered":"Mitmachen"},"content":{"rendered":"<div id=\"accordions-1566\" class=\"accordions-1566 accordions\" data-accordions={&quot;lazyLoad&quot;:true,&quot;id&quot;:&quot;1566&quot;,&quot;event&quot;:&quot;click&quot;,&quot;collapsible&quot;:&quot;true&quot;,&quot;heightStyle&quot;:&quot;content&quot;,&quot;animateStyle&quot;:&quot;swing&quot;,&quot;animateDelay&quot;:1000,&quot;navigation&quot;:true,&quot;active&quot;:999,&quot;expandedOther&quot;:&quot;no&quot;}>\r\n                <div id=\"accordions-lazy-1566\" class=\"accordions-lazy\" accordionsId=\"1566\">\r\n                    <\/div>\r\n\r\n    <div class=\"items\"  style=\"display:none\" >\r\n    \r\n            <div post_id=\"1566\" itemcount=\"0\"  header_id=\"header-0\" id=\"header-0\" style=\"\" class=\"accordions-head head0 border-none\" toggle-text=\"\" main-text=\"Vorbereitung\">\r\n                                    <span id=\"accordion-icons-0\" class=\"accordion-icons\">\r\n                        <span class=\"accordion-icon-active accordion-plus\"><i class=\"fa fa-chevron-up\"><\/i><\/span>\r\n                        <span class=\"accordion-icon-inactive accordion-minus\"><i class=\"fa fa-chevron-down\"><\/i><\/span>\r\n                    <\/span>\r\n                    <span id=\"header-text-0\" class=\"accordions-head-title\">Vorbereitung<\/span>\r\n                            <\/div>\r\n            <div class=\"accordion-content content0 \">\r\n                <p>Vor einem Kingcom-Workshop mit einer Klasse erwarten wir folgende Vorbereitungen von den verantwortlichen Lehrpersonen:<\/p>\n<ol>\n<li>Das\u00a0<a href=\"https:\/\/kingcom.ch\/de\/das-ist-kingcom\/glossar\/\">Glossar<\/a>\u00a0lesen, insbesondere die Erl\u00e4uterungen zu \u00abForschungsauftrag\u00bb.<\/li>\n<li>Dreiergruppen bilden.<br \/>\nNach Wunsch und evtl. in Absprache mit dem Museum pro Gruppe einen vom Museum vorbereiteten <a href=\"https:\/\/kingcom.ch\/de\/research-cats\/\">Forschungsauftrag<\/a>\u00a0ausw\u00e4hlen oder einen eigenen formulieren.<\/li>\n<li>Die Hinweise zum\u00a0<a href=\"https:\/\/kingcom.ch\/de\/das-ist-kingcom\/datenschutz\/\">Datenschutz <\/a>beachten. Informieren Sie Erziehungsberechtigte rechtzeitig und kl\u00e4ren Sie das Einverst\u00e4ndnis f\u00fcr die allf\u00e4llige Publikation von Foto-, Video- und Tonaufnahmen vorg\u00e4ngig. Hier finden Sie einen\u00a0<a href=\"https:\/\/kingcom.ch\/de\/mitmachen\/vorlage-mailing\/\">Mustertext\u00a0<\/a>f\u00fcr ein Mailing an die Erziehungsberechtigten.<\/li>\n<li>Anreise und Mittagsverpflegung organisieren. Hier finden Sie eine\u00a0<a href=\"https:\/\/kingcom.ch\/de\/mitmachen\/checkliste-organisation\/\">Checkliste<\/a>.<\/li>\n<\/ol>\n<p>Wir unterst\u00fctzen Sie gerne bei der Vorbereitung und beraten Sie auch pers\u00f6nlich: Museum f\u00fcr Kommunikation, Monika Gurtner, Anja Vogel oder Gallus Staubli, Tel. 031 357 55 19.<\/p>\n            <\/div>\r\n    \r\n            <div post_id=\"1566\" itemcount=\"1\"  header_id=\"header-1498720599141\" id=\"header-1498720599141\" style=\"\" class=\"accordions-head head1498720599141 border-none\" toggle-text=\"\" main-text=\"Kosten\">\r\n                                    <span id=\"accordion-icons-1498720599141\" class=\"accordion-icons\">\r\n                        <span class=\"accordion-icon-active accordion-plus\"><i class=\"fa fa-chevron-up\"><\/i><\/span>\r\n                        <span class=\"accordion-icon-inactive accordion-minus\"><i class=\"fa fa-chevron-down\"><\/i><\/span>\r\n                    <\/span>\r\n                    <span id=\"header-text-1498720599141\" class=\"accordions-head-title\">Kosten<\/span>\r\n                            <\/div>\r\n            <div class=\"accordion-content content1498720599141 \">\r\n                <ul>\n<li>CHF 200 pro Klasse \u00e0 max. 24 Lernende (Zyklen 2, 3 und Sek II mit Schulrabatt); der Eintritt ist kostenlos<\/li>\n<li>CHF 400 pro Gruppe \u00e0 max. 20 Personen (Studierende P\u00e4dagogischer Hochschulen, Lehrpersonen); der Eintritt ist kostenlos<\/li>\n<li>CHF 400 pro Gruppe \u00e0 max. 20 Personen plus CHF 10 Eintritt pro Person (Interessierte, die nicht zu einer der beiden oberen Kategorien geh\u00f6ren)<\/li>\n<li>Umbuchungen und Absagen von schriftlich best\u00e4tigten Workshops kosten bis f\u00fcnf Arbeitstage vor Termin 50 Franken. Anschliessend wird der ganze Betrag in Rechnung gestellt.<\/li>\n<li>Zahlbar vor Ort oder per Rechnung im Nachhinein.<\/li>\n<\/ul>\n            <\/div>\r\n    \r\n            <div post_id=\"1566\" itemcount=\"2\"  header_id=\"header-1498720698176\" id=\"header-1498720698176\" style=\"\" class=\"accordions-head head1498720698176 border-none\" toggle-text=\"\" main-text=\"Anmeldung\">\r\n                                    <span id=\"accordion-icons-1498720698176\" class=\"accordion-icons\">\r\n                        <span class=\"accordion-icon-active accordion-plus\"><i class=\"fa fa-chevron-up\"><\/i><\/span>\r\n                        <span class=\"accordion-icon-inactive accordion-minus\"><i class=\"fa fa-chevron-down\"><\/i><\/span>\r\n                    <\/span>\r\n                    <span id=\"header-text-1498720698176\" class=\"accordions-head-title\">Anmeldung<\/span>\r\n                            <\/div>\r\n            <div class=\"accordion-content content1498720698176 \">\r\n                <p><span style=\"font-size: 13px;\">Mindestens 14 Tage zum Voraus mit unten stehendem Anmeldeformular.<\/span><\/p>\n            <\/div>\r\n    \r\n            <div post_id=\"1566\" itemcount=\"3\"  header_id=\"header-1498720711405\" id=\"header-1498720711405\" style=\"\" class=\"accordions-head head1498720711405 border-none\" toggle-text=\"\" main-text=\"Termine\">\r\n                                    <span id=\"accordion-icons-1498720711405\" class=\"accordion-icons\">\r\n                        <span class=\"accordion-icon-active accordion-plus\"><i class=\"fa fa-chevron-up\"><\/i><\/span>\r\n                        <span class=\"accordion-icon-inactive accordion-minus\"><i class=\"fa fa-chevron-down\"><\/i><\/span>\r\n                    <\/span>\r\n                    <span id=\"header-text-1498720711405\" class=\"accordions-head-title\">Termine<\/span>\r\n                            <\/div>\r\n            <div class=\"accordion-content content1498720711405 \">\r\n                <p><span style=\"font-size: 13px;\">Dienstag bis Samstag zwischen 9 und 17 Uhr<\/span><br style=\"box-sizing: border-box; font-size: 13px;\" \/><span style=\"font-size: 13px;\">Montags ist das Museum geschlossen.<\/span><\/p>\n            <\/div>\r\n    <\/div>\r\n\r\n\r\n\r\n            <\/div>\n<p>&nbsp;<\/p>\n<p><iframe loading=\"lazy\" src=\"https:\/\/register.kingcom.ch\/register\/form_classRegister.php?lang=de\" width=\"100%\" height=\"1000px\" frameborder=\"0\">Browser not compatible.<\/iframe><\/p>\n","protected":false},"excerpt":{"rendered":"<p>&nbsp; Browser not compatible.<\/p>\n","protected":false},"author":1,"featured_media":0,"parent":0,"menu_order":0,"comment_status":"closed","ping_status":"closed","template":"","meta":{"footnotes":""},"class_list":["post-1047","page","type-page","status-publish","hentry"],"_links":{"self":[{"href":"https:\/\/kingcom.ch\/de\/wp-json\/wp\/v2\/pages\/1047","targetHints":{"allow":["GET"]}}],"collection":[{"href":"https:\/\/kingcom.ch\/de\/wp-json\/wp\/v2\/pages"}],"about":[{"href":"https:\/\/kingcom.ch\/de\/wp-json\/wp\/v2\/types\/page"}],"author":[{"embeddable":true,"href":"https:\/\/kingcom.ch\/de\/wp-json\/wp\/v2\/users\/1"}],"replies":[{"embeddable":true,"href":"https:\/\/kingcom.ch\/de\/wp-json\/wp\/v2\/comments?post=1047"}],"version-history":[{"count":44,"href":"https:\/\/kingcom.ch\/de\/wp-json\/wp\/v2\/pages\/1047\/revisions"}],"predecessor-version":[{"id":12095,"href":"https:\/\/kingcom.ch\/de\/wp-json\/wp\/v2\/pages\/1047\/revisions\/12095"}],"wp:attachment":[{"href":"https:\/\/kingcom.ch\/de\/wp-json\/wp\/v2\/media?parent=1047"}],"curies":[{"name":"wp","href":"https:\/\/api.w.org\/{rel}","templated":true}]}}